{"id":6,"date":"2022-05-17T18:41:35","date_gmt":"2022-05-17T15:41:35","guid":{"rendered":"http:\/\/erkutkonter.com\/index.php\/home\/"},"modified":"2022-05-17T18:41:35","modified_gmt":"2022-05-17T15:41:35","slug":"home","status":"publish","type":"page","link":"http:\/\/erkutkonter.com\/","title":{"rendered":"Home"},"content":{"rendered":"","protected":false},"excerpt":{"rendered":"","protected":false},"author":1,"featured_media":0,"parent":0,"menu_order":0,"comment_status":"closed","ping_status":"closed","template":"templates\/template-homepage.php","meta":{"footnotes":""},"class_list":["post-6","page","type-page","status-publish","hentry"],"yoast_head":"<!-- This site is optimized with the Yoast SEO plugin v27.4 - https:\/\/yoast.com\/product\/yoast-seo-wordpress\/ -->\n<title>Home - Prof. Dr. Erkut Konter<\/title>\n<meta name=\"robots\" content=\"index, follow, max-snippet:-1, max-image-preview:large, max-video-preview:-1\" \/>\n<link rel=\"canonical\" href=\"http:\/\/erkutkonter.com\/\" \/>\n<meta property=\"og:locale\" content=\"tr_TR\" \/>\n<meta property=\"og:type\" content=\"article\" \/>\n<meta property=\"og:title\" content=\"Home - Prof. Dr. Erkut Konter\" \/>\n<meta property=\"og:url\" content=\"http:\/\/erkutkonter.com\/\" \/>\n<meta property=\"og:site_name\" content=\"Prof. Dr. Erkut Konter\" \/>\n<meta name=\"twitter:card\" content=\"summary_large_image\" \/>\n<script type=\"application\/ld+json\" class=\"yoast-schema-graph\">{\"@context\":\"https:\\\/\\\/schema.org\",\"@graph\":[{\"@type\":\"WebPage\",\"@id\":\"http:\\\/\\\/erkutkonter.com\\\/\",\"url\":\"http:\\\/\\\/erkutkonter.com\\\/\",\"name\":\"Home - Prof. Dr. Erkut Konter\",\"isPartOf\":{\"@id\":\"http:\\\/\\\/erkutkonter.com\\\/#website\"},\"datePublished\":\"2022-05-17T15:41:35+00:00\",\"breadcrumb\":{\"@id\":\"http:\\\/\\\/erkutkonter.com\\\/#breadcrumb\"},\"inLanguage\":\"tr\",\"potentialAction\":[{\"@type\":\"ReadAction\",\"target\":[\"http:\\\/\\\/erkutkonter.com\\\/\"]}]},{\"@type\":\"BreadcrumbList\",\"@id\":\"http:\\\/\\\/erkutkonter.com\\\/#breadcrumb\",\"itemListElement\":[{\"@type\":\"ListItem\",\"position\":1,\"name\":\"Anasayfa\",\"item\":\"http:\\\/\\\/erkutkonter.com\\\/\"},{\"@type\":\"ListItem\",\"position\":2,\"name\":\"Home\"}]},{\"@type\":\"WebSite\",\"@id\":\"http:\\\/\\\/erkutkonter.com\\\/#website\",\"url\":\"http:\\\/\\\/erkutkonter.com\\\/\",\"name\":\"Prof. Dr. Erkut Konter\",\"description\":\"\",\"publisher\":{\"@id\":\"http:\\\/\\\/erkutkonter.com\\\/#\\\/schema\\\/person\\\/0a98b86caab87d7508d2c57ddd31b2f1\"},\"potentialAction\":[{\"@type\":\"SearchAction\",\"target\":{\"@type\":\"EntryPoint\",\"urlTemplate\":\"http:\\\/\\\/erkutkonter.com\\\/?s={search_term_string}\"},\"query-input\":{\"@type\":\"PropertyValueSpecification\",\"valueRequired\":true,\"valueName\":\"search_term_string\"}}],\"inLanguage\":\"tr\"},{\"@type\":[\"Person\",\"Organization\"],\"@id\":\"http:\\\/\\\/erkutkonter.com\\\/#\\\/schema\\\/person\\\/0a98b86caab87d7508d2c57ddd31b2f1\",\"name\":\"admin\",\"image\":{\"@type\":\"ImageObject\",\"inLanguage\":\"tr\",\"@id\":\"https:\\\/\\\/secure.gravatar.com\\\/avatar\\\/4f344a5a4d3b8126b3df90dd6830bf72fbb23c52ddd04f830e6190a8ebaf503c?s=96&d=mm&r=g\",\"url\":\"https:\\\/\\\/secure.gravatar.com\\\/avatar\\\/4f344a5a4d3b8126b3df90dd6830bf72fbb23c52ddd04f830e6190a8ebaf503c?s=96&d=mm&r=g\",\"contentUrl\":\"https:\\\/\\\/secure.gravatar.com\\\/avatar\\\/4f344a5a4d3b8126b3df90dd6830bf72fbb23c52ddd04f830e6190a8ebaf503c?s=96&d=mm&r=g\",\"caption\":\"admin\"},\"logo\":{\"@id\":\"https:\\\/\\\/secure.gravatar.com\\\/avatar\\\/4f344a5a4d3b8126b3df90dd6830bf72fbb23c52ddd04f830e6190a8ebaf503c?s=96&d=mm&r=g\"},\"description\":\"\u00c7al\u0131\u015fma alanlar\u0131 \u2022 Spor psikolojisi \u2022 Sporda Psikolojik Becerilerin Antrenman\u0131 \u2022 Sporda Psikolojik Dan\u0131\u015fma \u2022 Sporda Performans Y\u00fckseltme \u2022 Sporda Liderlik, Etkili Antren\u00f6rl\u00fck, \u0130leti\u015fim ve Tak\u0131m Psikolojisi \u2022 Sporda Cesaret \u2022 Sporda S\u00f6zs\u00fcz Zeka (G\u00f6rsel-Alansal-Bili\u015fsel Beceriyle Problem \u00c7\u00f6zme) \u2022 Spor, Egzersiz ve Oyun Psikolojisi \u2022 Motor Davran\u0131\u015f \u2022 Futbol\",\"sameAs\":[\"http:\\\/\\\/erkutkonter.com\"]}]}<\/script>\n<!-- \/ Yoast SEO plugin. -->","yoast_head_json":{"title":"Home - Prof. Dr. Erkut Konter","robots":{"index":"index","follow":"follow","max-snippet":"max-snippet:-1","max-image-preview":"max-image-preview:large","max-video-preview":"max-video-preview:-1"},"canonical":"http:\/\/erkutkonter.com\/","og_locale":"tr_TR","og_type":"article","og_title":"Home - Prof. Dr. Erkut Konter","og_url":"http:\/\/erkutkonter.com\/","og_site_name":"Prof. Dr. Erkut Konter","twitter_card":"summary_large_image","schema":{"@context":"https:\/\/schema.org","@graph":[{"@type":"WebPage","@id":"http:\/\/erkutkonter.com\/","url":"http:\/\/erkutkonter.com\/","name":"Home - Prof. Dr. Erkut Konter","isPartOf":{"@id":"http:\/\/erkutkonter.com\/#website"},"datePublished":"2022-05-17T15:41:35+00:00","breadcrumb":{"@id":"http:\/\/erkutkonter.com\/#breadcrumb"},"inLanguage":"tr","potentialAction":[{"@type":"ReadAction","target":["http:\/\/erkutkonter.com\/"]}]},{"@type":"BreadcrumbList","@id":"http:\/\/erkutkonter.com\/#breadcrumb","itemListElement":[{"@type":"ListItem","position":1,"name":"Anasayfa","item":"http:\/\/erkutkonter.com\/"},{"@type":"ListItem","position":2,"name":"Home"}]},{"@type":"WebSite","@id":"http:\/\/erkutkonter.com\/#website","url":"http:\/\/erkutkonter.com\/","name":"Prof. Dr. Erkut Konter","description":"","publisher":{"@id":"http:\/\/erkutkonter.com\/#\/schema\/person\/0a98b86caab87d7508d2c57ddd31b2f1"},"potentialAction":[{"@type":"SearchAction","target":{"@type":"EntryPoint","urlTemplate":"http:\/\/erkutkonter.com\/?s={search_term_string}"},"query-input":{"@type":"PropertyValueSpecification","valueRequired":true,"valueName":"search_term_string"}}],"inLanguage":"tr"},{"@type":["Person","Organization"],"@id":"http:\/\/erkutkonter.com\/#\/schema\/person\/0a98b86caab87d7508d2c57ddd31b2f1","name":"admin","image":{"@type":"ImageObject","inLanguage":"tr","@id":"https:\/\/secure.gravatar.com\/avatar\/4f344a5a4d3b8126b3df90dd6830bf72fbb23c52ddd04f830e6190a8ebaf503c?s=96&d=mm&r=g","url":"https:\/\/secure.gravatar.com\/avatar\/4f344a5a4d3b8126b3df90dd6830bf72fbb23c52ddd04f830e6190a8ebaf503c?s=96&d=mm&r=g","contentUrl":"https:\/\/secure.gravatar.com\/avatar\/4f344a5a4d3b8126b3df90dd6830bf72fbb23c52ddd04f830e6190a8ebaf503c?s=96&d=mm&r=g","caption":"admin"},"logo":{"@id":"https:\/\/secure.gravatar.com\/avatar\/4f344a5a4d3b8126b3df90dd6830bf72fbb23c52ddd04f830e6190a8ebaf503c?s=96&d=mm&r=g"},"description":"\u00c7al\u0131\u015fma alanlar\u0131 \u2022 Spor psikolojisi \u2022 Sporda Psikolojik Becerilerin Antrenman\u0131 \u2022 Sporda Psikolojik Dan\u0131\u015fma \u2022 Sporda Performans Y\u00fckseltme \u2022 Sporda Liderlik, Etkili Antren\u00f6rl\u00fck, \u0130leti\u015fim ve Tak\u0131m Psikolojisi \u2022 Sporda Cesaret \u2022 Sporda S\u00f6zs\u00fcz Zeka (G\u00f6rsel-Alansal-Bili\u015fsel Beceriyle Problem \u00c7\u00f6zme) \u2022 Spor, Egzersiz ve Oyun Psikolojisi \u2022 Motor Davran\u0131\u015f \u2022 Futbol","sameAs":["http:\/\/erkutkonter.com"]}]}},"_links":{"self":[{"href":"http:\/\/erkutkonter.com\/index.php\/wp-json\/wp\/v2\/pages\/6","targetHints":{"allow":["GET"]}}],"collection":[{"href":"http:\/\/erkutkonter.com\/index.php\/wp-json\/wp\/v2\/pages"}],"about":[{"href":"http:\/\/erkutkonter.com\/index.php\/wp-json\/wp\/v2\/types\/page"}],"author":[{"embeddable":true,"href":"http:\/\/erkutkonter.com\/index.php\/wp-json\/wp\/v2\/users\/1"}],"replies":[{"embeddable":true,"href":"http:\/\/erkutkonter.com\/index.php\/wp-json\/wp\/v2\/comments?post=6"}],"version-history":[{"count":0,"href":"http:\/\/erkutkonter.com\/index.php\/wp-json\/wp\/v2\/pages\/6\/revisions"}],"wp:attachment":[{"href":"http:\/\/erkutkonter.com\/index.php\/wp-json\/wp\/v2\/media?parent=6"}],"curies":[{"name":"wp","href":"https:\/\/api.w.org\/{rel}","templated":true}]}}